{"id":2,"date":"2022-03-22T13:50:29","date_gmt":"2022-03-22T12:50:29","guid":{"rendered":"http:\/\/justinfluand.com\/?page_id=2"},"modified":"2025-01-05T14:35:56","modified_gmt":"2025-01-05T13:35:56","slug":"page-d-exemple","status":"publish","type":"page","link":"https:\/\/justinfluand.com\/","title":{"rendered":"SEE YOU SOON !"},"content":{"rendered":"\n<p>Nous revenons bient\u00f4t. Site en cours d&rsquo;\u00e9dition.<\/p>\n\n\n\n<p>Volvemos muy pronto. El sitio est\u00e1 en proceso de edici\u00f3n.<\/p>\n\n\n\n<p>Tornem ben aviat. El lloc est\u00e0 en proc\u00e9s d&rsquo;edici\u00f3.<\/p>\n\n\n\n<p><\/p>\n","protected":false},"excerpt":{"rendered":"<p>Nous revenons bient\u00f4t. Site en cours d&rsquo;\u00e9dition. Volvemos muy pronto. El sitio est\u00e1 en proceso de edici\u00f3n. Tornem ben aviat. El lloc est\u00e0 en proc\u00e9s d&rsquo;edici\u00f3.<\/p>\n","protected":false},"author":1,"featured_media":0,"parent":0,"menu_order":0,"comment_status":"closed","ping_status":"open","template":"","meta":{"footnotes":""},"class_list":["post-2","page","type-page","status-publish","hentry"],"_links":{"self":[{"href":"https:\/\/justinfluand.com\/index.php\/wp-json\/wp\/v2\/pages\/2","targetHints":{"allow":["GET"]}}],"collection":[{"href":"https:\/\/justinfluand.com\/index.php\/wp-json\/wp\/v2\/pages"}],"about":[{"href":"https:\/\/justinfluand.com\/index.php\/wp-json\/wp\/v2\/types\/page"}],"author":[{"embeddable":true,"href":"https:\/\/justinfluand.com\/index.php\/wp-json\/wp\/v2\/users\/1"}],"replies":[{"embeddable":true,"href":"https:\/\/justinfluand.com\/index.php\/wp-json\/wp\/v2\/comments?post=2"}],"version-history":[{"count":3,"href":"https:\/\/justinfluand.com\/index.php\/wp-json\/wp\/v2\/pages\/2\/revisions"}],"predecessor-version":[{"id":37,"href":"https:\/\/justinfluand.com\/index.php\/wp-json\/wp\/v2\/pages\/2\/revisions\/37"}],"wp:attachment":[{"href":"https:\/\/justinfluand.com\/index.php\/wp-json\/wp\/v2\/media?parent=2"}],"curies":[{"name":"wp","href":"https:\/\/api.w.org\/{rel}","templated":true}]}}